{"id":15,"date":"2016-06-12T17:53:14","date_gmt":"2016-06-12T15:53:14","guid":{"rendered":"http:\/\/musiksalon.napfsauger.de\/wordpress\/?page_id=15"},"modified":"2023-08-06T18:20:04","modified_gmt":"2023-08-06T16:20:04","slug":"pianistisches","status":"publish","type":"page","link":"http:\/\/musiksalon.napfsauger.de\/wordpress\/pianistisches\/","title":{"rendered":"Pianistisches"},"content":{"rendered":"<p>Korrepetition und Kammermusik seit der 9. Klasse, zun\u00e4chst am Landesgymnasium f\u00fcr Musik Wernigerode vor allem mit Mitsch\u00fcler*innen, sp\u00e4ter auch im Klavierduo (Sinfonien, Brandenburgische Konzerte, Liebesliederwalzer, Karneval der Tiere, Brahms Requiem, Carmina Burana\u2026) und schlie\u00dflich als Gr\u00fcndungsmitglied des Ensemble LaFolie Berlin viel instrumentale Kammermusik und Salonmusik.<\/p>\n<p>Nebenberuflich Gottesdienste, Hochzeiten und Beerdigungen Klavier oder Orgel sowie Orchesterklavier oder Cembalo. Dar\u00fcberhinaus langj\u00e4hrige Lehrt\u00e4tigkeit im Fach Klavier.<\/p>\n<p>Im September 2018 Aufnahme der Jubil\u00e4ums-CD des <a href=\"https:\/\/kammerchortask.de\/#brahms\" target=\"_blank\" rel=\"noopener\">Kammerchor TASK<\/a> im Klavierduo mit <a href=\"https:\/\/nicolasbajorat.wordpress.com\/\" target=\"_blank\" rel=\"noopener\">Nicolas Bajorat<\/a>.<\/p>\n","protected":false},"excerpt":{"rendered":"<p>Korrepetition und Kammermusik seit der 9. Klasse, zun\u00e4chst am Landesgymnasium f\u00fcr Musik Wernigerode vor allem mit Mitsch\u00fcler*innen, sp\u00e4ter auch im Klavierduo (Sinfonien, Brandenburgische Konzerte, Liebesliederwalzer, Karneval der Tiere, Brahms Requiem, Carmina Burana\u2026) und schlie\u00dflich als Gr\u00fcndungsmitglied des Ensemble LaFolie Berlin viel instrumentale Kammermusik und Salonmusik. Nebenberuflich Gottesdienste, Hochzeiten und Beerdigungen Klavier oder Orgel sowie Orchesterklavier &#8230; <span class=\"more\"><a class=\"more-link\" href=\"http:\/\/musiksalon.napfsauger.de\/wordpress\/pianistisches\/\">[Read more&#8230;]<\/a><\/span><\/p>\n","protected":false},"author":1,"featured_media":0,"parent":0,"menu_order":4,"comment_status":"closed","ping_status":"closed","template":"","meta":[],"_links":{"self":[{"href":"http:\/\/musiksalon.napfsauger.de\/wordpress\/wp-json\/wp\/v2\/pages\/15"}],"collection":[{"href":"http:\/\/musiksalon.napfsauger.de\/wordpress\/wp-json\/wp\/v2\/pages"}],"about":[{"href":"http:\/\/musiksalon.napfsauger.de\/wordpress\/wp-json\/wp\/v2\/types\/page"}],"author":[{"embeddable":true,"href":"http:\/\/musiksalon.napfsauger.de\/wordpress\/wp-json\/wp\/v2\/users\/1"}],"replies":[{"embeddable":true,"href":"http:\/\/musiksalon.napfsauger.de\/wordpress\/wp-json\/wp\/v2\/comments?post=15"}],"version-history":[{"count":5,"href":"http:\/\/musiksalon.napfsauger.de\/wordpress\/wp-json\/wp\/v2\/pages\/15\/revisions"}],"predecessor-version":[{"id":150,"href":"http:\/\/musiksalon.napfsauger.de\/wordpress\/wp-json\/wp\/v2\/pages\/15\/revisions\/150"}],"wp:attachment":[{"href":"http:\/\/musiksalon.napfsauger.de\/wordpress\/wp-json\/wp\/v2\/media?parent=15"}],"curies":[{"name":"wp","href":"https:\/\/api.w.org\/{rel}","templated":true}]}}