{"id":17,"date":"2016-06-12T17:53:51","date_gmt":"2016-06-12T15:53:51","guid":{"rendered":"http:\/\/musiksalon.napfsauger.de\/wordpress\/?page_id=17"},"modified":"2023-08-06T17:38:31","modified_gmt":"2023-08-06T15:38:31","slug":"kompositionen-arrangements","status":"publish","type":"page","link":"http:\/\/musiksalon.napfsauger.de\/wordpress\/kompositionen-arrangements\/","title":{"rendered":"Kompositionen \/ Arrangements"},"content":{"rendered":"<p><a href=\"http:\/\/musiksalon.napfsauger.de\/wordpress\/wp-content\/uploads\/2016\/06\/IMG_0031-24.jpg\"><img decoding=\"async\" loading=\"lazy\" class=\"alignnone wp-image-78\" src=\"http:\/\/musiksalon.napfsauger.de\/wordpress\/wp-content\/uploads\/2016\/06\/IMG_0031-24-300x200.jpg\" alt=\"IMG_0031 (24)\" width=\"417\" height=\"278\" srcset=\"http:\/\/musiksalon.napfsauger.de\/wordpress\/wp-content\/uploads\/2016\/06\/IMG_0031-24-300x200.jpg 300w, http:\/\/musiksalon.napfsauger.de\/wordpress\/wp-content\/uploads\/2016\/06\/IMG_0031-24-768x512.jpg 768w, http:\/\/musiksalon.napfsauger.de\/wordpress\/wp-content\/uploads\/2016\/06\/IMG_0031-24-1024x683.jpg 1024w\" sizes=\"(max-width: 417px) 100vw, 417px\" \/><\/a><\/p>\n<p>Nach dem ersten Kompositionsversuch im Alter von 8 Jahren entstanden 20 Jahre lang nur wenige eigene St\u00fccke. Dann gleich eine Menge Lieder, von denen zwei auf dem Album &#8222;Achtung! Aufnahme&#8220; des Berliner Ensembles <a href=\"https:\/\/soundcloud.com\/ensemble-lafolie\" target=\"_blank\" rel=\"noopener\">LaFolie<\/a> zu finden sind. Au\u00dferdem entstanden \u00fcber die Jahre etliche Arrangements und Kompositionen f\u00fcr Ch\u00f6re und ungew\u00f6hnliche Instrumentalgruppen, h\u00e4ufig auf Anfrage &#8211; sollten Sie Bedarf haben, fragen Sie einfach unkompliziert an!<\/p>\n","protected":false},"excerpt":{"rendered":"<p>Nach dem ersten Kompositionsversuch im Alter von 8 Jahren entstanden 20 Jahre lang nur wenige eigene St\u00fccke. Dann gleich eine Menge Lieder, von denen zwei auf dem Album &#8222;Achtung! Aufnahme&#8220; des Berliner Ensembles LaFolie zu finden sind. Au\u00dferdem entstanden \u00fcber die Jahre etliche Arrangements und Kompositionen f\u00fcr Ch\u00f6re und ungew\u00f6hnliche Instrumentalgruppen, h\u00e4ufig auf Anfrage &#8211; &#8230; <span class=\"more\"><a class=\"more-link\" href=\"http:\/\/musiksalon.napfsauger.de\/wordpress\/kompositionen-arrangements\/\">[Read more&#8230;]<\/a><\/span><\/p>\n","protected":false},"author":1,"featured_media":0,"parent":0,"menu_order":5,"comment_status":"closed","ping_status":"closed","template":"","meta":[],"_links":{"self":[{"href":"http:\/\/musiksalon.napfsauger.de\/wordpress\/wp-json\/wp\/v2\/pages\/17"}],"collection":[{"href":"http:\/\/musiksalon.napfsauger.de\/wordpress\/wp-json\/wp\/v2\/pages"}],"about":[{"href":"http:\/\/musiksalon.napfsauger.de\/wordpress\/wp-json\/wp\/v2\/types\/page"}],"author":[{"embeddable":true,"href":"http:\/\/musiksalon.napfsauger.de\/wordpress\/wp-json\/wp\/v2\/users\/1"}],"replies":[{"embeddable":true,"href":"http:\/\/musiksalon.napfsauger.de\/wordpress\/wp-json\/wp\/v2\/comments?post=17"}],"version-history":[{"count":4,"href":"http:\/\/musiksalon.napfsauger.de\/wordpress\/wp-json\/wp\/v2\/pages\/17\/revisions"}],"predecessor-version":[{"id":133,"href":"http:\/\/musiksalon.napfsauger.de\/wordpress\/wp-json\/wp\/v2\/pages\/17\/revisions\/133"}],"wp:attachment":[{"href":"http:\/\/musiksalon.napfsauger.de\/wordpress\/wp-json\/wp\/v2\/media?parent=17"}],"curies":[{"name":"wp","href":"https:\/\/api.w.org\/{rel}","templated":true}]}}