{"id":19,"date":"2016-06-12T17:54:20","date_gmt":"2016-06-12T15:54:20","guid":{"rendered":"http:\/\/musiksalon.napfsauger.de\/wordpress\/?page_id=19"},"modified":"2023-08-06T18:22:53","modified_gmt":"2023-08-06T16:22:53","slug":"unterricht-coaching","status":"publish","type":"page","link":"http:\/\/musiksalon.napfsauger.de\/wordpress\/unterricht-coaching\/","title":{"rendered":"Unterricht \/ Coaching"},"content":{"rendered":"\n<figure class=\"wp-block-image is-resized\"><a href=\"http:\/\/musiksalon.napfsauger.de\/wordpress\/wp-content\/uploads\/2023\/08\/IMG_3134-scaled.jpg\"><img decoding=\"async\" loading=\"lazy\" src=\"http:\/\/musiksalon.napfsauger.de\/wordpress\/wp-content\/uploads\/2023\/08\/IMG_3134-200x300.jpg\" alt=\"\" class=\"wp-image-137\" width=\"335\" height=\"503\" srcset=\"http:\/\/musiksalon.napfsauger.de\/wordpress\/wp-content\/uploads\/2023\/08\/IMG_3134-200x300.jpg 200w, http:\/\/musiksalon.napfsauger.de\/wordpress\/wp-content\/uploads\/2023\/08\/IMG_3134-683x1024.jpg 683w, http:\/\/musiksalon.napfsauger.de\/wordpress\/wp-content\/uploads\/2023\/08\/IMG_3134-768x1152.jpg 768w, http:\/\/musiksalon.napfsauger.de\/wordpress\/wp-content\/uploads\/2023\/08\/IMG_3134-1024x1536.jpg 1024w, http:\/\/musiksalon.napfsauger.de\/wordpress\/wp-content\/uploads\/2023\/08\/IMG_3134-1366x2048.jpg 1366w, http:\/\/musiksalon.napfsauger.de\/wordpress\/wp-content\/uploads\/2023\/08\/IMG_3134-scaled.jpg 1707w\" sizes=\"(max-width: 335px) 100vw, 335px\" \/><\/a><\/figure>\n\n\n\n<p>Neben Klavierunterricht habe ich in den vergangenen Jahren auch verschiedenen Amateurchorleitenden privaten Dirigierunterricht erteilt, sowie Ensembleleitung in der Gruppe, Musiktheorie und Geh\u00f6rbildung unterrichtet. Seit 2017 unterrichte ich am Institut f\u00fcr Musik der TU Braunschweig Ensembleleitung f\u00fcr angehende Musiklehrer*innen.<\/p>\n\n\n\n<p>Ich biete au\u00dferdem Ch\u00f6ren Kurzseminare in chorischer Stimmbildung an, im Rahmen ihrer Probenwochenenden oder w\u00f6chentlichen Proben, gerne auch in Absprache mit dem\/der Chorleiter*in f\u00fcr ein konkretes stimmliches Ziel (z.B. Koloraturen), und ebenso Sprechkurse f\u00fcr Menschen mit erh\u00f6hter stimmlicher Belastung wie z.B. P\u00e4dagog*innen.<\/p>\n\n\n\n<p>Eine besondere Erfahrung war es, Juror eines Wertungssingens des Nieder\u00f6sterreichischen Chorverbandes und sp\u00e4ter bei Jugend Musiziert zu sein. Laienmusiker*innen hilfreiche Kritik zu bieten, ohne ihre oft gro\u00dfe und herzliche Motivation zu st\u00f6ren, ist meines Erachtens eine wichtige und sensible Aufgabe f\u00fcr Profis.<\/p>\n","protected":false},"excerpt":{"rendered":"<p>Neben Klavierunterricht habe ich in den vergangenen Jahren auch verschiedenen Amateurchorleitenden privaten Dirigierunterricht erteilt, sowie Ensembleleitung in der Gruppe, Musiktheorie und Geh\u00f6rbildung unterrichtet. Seit 2017 unterrichte ich am Institut f\u00fcr Musik der TU Braunschweig Ensembleleitung f\u00fcr angehende Musiklehrer*innen. Ich biete au\u00dferdem Ch\u00f6ren Kurzseminare in chorischer Stimmbildung an, im Rahmen ihrer Probenwochenenden oder w\u00f6chentlichen Proben, gerne &#8230; <span class=\"more\"><a class=\"more-link\" href=\"http:\/\/musiksalon.napfsauger.de\/wordpress\/unterricht-coaching\/\">[Read more&#8230;]<\/a><\/span><\/p>\n","protected":false},"author":1,"featured_media":0,"parent":0,"menu_order":7,"comment_status":"closed","ping_status":"closed","template":"","meta":[],"_links":{"self":[{"href":"http:\/\/musiksalon.napfsauger.de\/wordpress\/wp-json\/wp\/v2\/pages\/19"}],"collection":[{"href":"http:\/\/musiksalon.napfsauger.de\/wordpress\/wp-json\/wp\/v2\/pages"}],"about":[{"href":"http:\/\/musiksalon.napfsauger.de\/wordpress\/wp-json\/wp\/v2\/types\/page"}],"author":[{"embeddable":true,"href":"http:\/\/musiksalon.napfsauger.de\/wordpress\/wp-json\/wp\/v2\/users\/1"}],"replies":[{"embeddable":true,"href":"http:\/\/musiksalon.napfsauger.de\/wordpress\/wp-json\/wp\/v2\/comments?post=19"}],"version-history":[{"count":8,"href":"http:\/\/musiksalon.napfsauger.de\/wordpress\/wp-json\/wp\/v2\/pages\/19\/revisions"}],"predecessor-version":[{"id":154,"href":"http:\/\/musiksalon.napfsauger.de\/wordpress\/wp-json\/wp\/v2\/pages\/19\/revisions\/154"}],"wp:attachment":[{"href":"http:\/\/musiksalon.napfsauger.de\/wordpress\/wp-json\/wp\/v2\/media?parent=19"}],"curies":[{"name":"wp","href":"https:\/\/api.w.org\/{rel}","templated":true}]}}