{"id":2,"date":"2015-12-22T07:07:04","date_gmt":"2015-12-22T06:07:04","guid":{"rendered":"http:\/\/musiksalon.napfsauger.de\/wordpress\/?page_id=2"},"modified":"2023-08-06T18:20:52","modified_gmt":"2023-08-06T16:20:52","slug":"beispiel-seite","status":"publish","type":"page","link":"http:\/\/musiksalon.napfsauger.de\/wordpress\/beispiel-seite\/","title":{"rendered":"Dirigentisches"},"content":{"rendered":"<p>Preise:<\/p>\n<p>Dirigentenpreis des Chorwettbewerbs Prag 2003; hier auch Preise f\u00fcr den besten Kammerchor, den besten Frauenchor und als Gesamtsieger des Festivals<\/p>\n<p>Preis f\u00fcr ein besonderes Nachwuchstalent beim 1. Wettbewerb f\u00fcr Chordirigenten in Wien 2004<\/p>\n<p>Mit dem M\u00e4dchenchor des Goethegymnasiums Demmin 3. Preis beim Kinder- und Jugendchorwettbewerb Erwitte 2007<\/p>\n<p>Mit dem Cantus Vitalis 2. Preis beim Chorwettbewerb Spremberg 2012 sowie 1. Preis beim Muldenthaler Chorwettebwerb 2015<\/p>\n<p>Arbeit mit:<\/p>\n<p><a href=\"https:\/\/www.rundfunk-jugendchor.de\/\" target=\"_blank\" rel=\"noopener\">Rundfunk-Jugendchor Wernigerode<\/a><\/p>\n<p><a href=\"https:\/\/chodi.webnode.page\/uber-uns\/\" target=\"_blank\" rel=\"noopener\">chorus discantus<\/a> (CD \u00fcber den ORF <a href=\"https:\/\/shop.orf.at\/rkh\/de\/alle-orf-artikel\/oe1\/298\/chorwerke-i\" target=\"_blank\" rel=\"noopener\">erh\u00e4ltlich<\/a>)<\/p>\n<p>Vocalforum Graz<\/p>\n<p>Opernchor der <a href=\"https:\/\/www.kug.ac.at\/\" target=\"_blank\" rel=\"noopener\">Kunstuniversit\u00e4t Graz<\/a><\/p>\n<p>Studiochor und Kammerchor der Kunstuniversit\u00e4t Graz<\/p>\n<p>Camerata Medica Wien<\/p>\n<p>Kinder-, M\u00e4dchen- und Jugendchor sowie Schulorchester des <a href=\"https:\/\/www.goethegymnasium-demmin.de\/musikbereich.html#main\" target=\"_blank\" rel=\"noopener\">Goethegymnasiums Demmin<\/a><\/p>\n<p>Brandenburgisches Konzertorchester Eberswalde (Korrepetitor mit Dirigierverpflichtung)<\/p>\n<p><a href=\"https:\/\/cantus-vitalis.de\/\" target=\"_blank\" rel=\"noopener\">Cantus Vitalis<\/a> Eberswalde<\/p>\n<p>Eberswalder Laiensinfoniker \/ Orchester der Hochschule f\u00fcr Nachhaltige Entwicklung Eberswalde<\/p>\n<p><a href=\"https:\/\/singakademieniedersachsen.wordpress.com\/\" target=\"_blank\" rel=\"noopener\">SingAkademie Niedersachsen<\/a><\/p>\n<p><a href=\"http:\/\/www.oe-chor-hildesheim.de\/\" target=\"_blank\" rel=\"noopener\">\u00d6-Chor<\/a> Hildesheim<\/p>\n<p><a href=\"https:\/\/www.snc-bs.de\/\" target=\"_blank\" rel=\"noopener\">sine nomine, philharmonischer Chor<\/a> Braunschweig<\/p>\n<p><a href=\"https:\/\/queermonics.de\/\" target=\"_blank\" rel=\"noopener\">Queermonics<\/a> Braunschweig<\/p>\n<p>Kantorei Ambergau<\/p>\n<p>uvm.<\/p>\n","protected":false},"excerpt":{"rendered":"<p>Preise: Dirigentenpreis des Chorwettbewerbs Prag 2003; hier auch Preise f\u00fcr den besten Kammerchor, den besten Frauenchor und als Gesamtsieger des Festivals Preis f\u00fcr ein besonderes Nachwuchstalent beim 1. Wettbewerb f\u00fcr Chordirigenten in Wien 2004 Mit dem M\u00e4dchenchor des Goethegymnasiums Demmin 3. Preis beim Kinder- und Jugendchorwettbewerb Erwitte 2007 Mit dem Cantus Vitalis 2. Preis beim &#8230; <span class=\"more\"><a class=\"more-link\" href=\"http:\/\/musiksalon.napfsauger.de\/wordpress\/beispiel-seite\/\">[Read more&#8230;]<\/a><\/span><\/p>\n","protected":false},"author":1,"featured_media":0,"parent":0,"menu_order":3,"comment_status":"closed","ping_status":"closed","template":"","meta":[],"_links":{"self":[{"href":"http:\/\/musiksalon.napfsauger.de\/wordpress\/wp-json\/wp\/v2\/pages\/2"}],"collection":[{"href":"http:\/\/musiksalon.napfsauger.de\/wordpress\/wp-json\/wp\/v2\/pages"}],"about":[{"href":"http:\/\/musiksalon.napfsauger.de\/wordpress\/wp-json\/wp\/v2\/types\/page"}],"author":[{"embeddable":true,"href":"http:\/\/musiksalon.napfsauger.de\/wordpress\/wp-json\/wp\/v2\/users\/1"}],"replies":[{"embeddable":true,"href":"http:\/\/musiksalon.napfsauger.de\/wordpress\/wp-json\/wp\/v2\/comments?post=2"}],"version-history":[{"count":4,"href":"http:\/\/musiksalon.napfsauger.de\/wordpress\/wp-json\/wp\/v2\/pages\/2\/revisions"}],"predecessor-version":[{"id":151,"href":"http:\/\/musiksalon.napfsauger.de\/wordpress\/wp-json\/wp\/v2\/pages\/2\/revisions\/151"}],"wp:attachment":[{"href":"http:\/\/musiksalon.napfsauger.de\/wordpress\/wp-json\/wp\/v2\/media?parent=2"}],"curies":[{"name":"wp","href":"https:\/\/api.w.org\/{rel}","templated":true}]}}