{"id":27,"date":"2016-06-12T21:46:26","date_gmt":"2016-06-12T19:46:26","guid":{"rendered":"http:\/\/musiksalon.napfsauger.de\/wordpress\/?page_id=27"},"modified":"2023-08-06T18:19:06","modified_gmt":"2023-08-06T16:19:06","slug":"wessen-musiksalon","status":"publish","type":"page","link":"http:\/\/musiksalon.napfsauger.de\/wordpress\/wessen-musiksalon\/","title":{"rendered":"Wessen Musiksalon?"},"content":{"rendered":"<hr>\n<p>Johannes H\u00f6ing:<\/p>\n<p>geboren 1980 in Eberswalde, beantwortete er schon im ersten Lebensjahr die Frage &#8222;Wie macht Beethoven?&#8220; mit &#8222;Da da da daaaaa&#8220;. Weder das st\u00e4ndige Mitgeschlepptwerden in die vom Vater so geliebten Orgelkonzerte noch das Singen endloser Wanderlieder beim Rauf- und Runterrennen th\u00fcringischer Berge im Kindesalter konnten ihm die Musik verg\u00e4llen.<\/p>\n<p>Ab der ersten Klasse Klavierunterricht an der Musikschule Eberswalde bei Isolde Augsburg, sp\u00e4ter Mitglied des Kinderchores (eigentlich nur, um ein weiteres Jahr Musiktheorieunterricht zu vermeiden) sowie diverser kleinerer Musikgruppen. Erster Gesangsunterricht in der achten Klasse.<\/p>\n<p>Ab der 9. Klasse am&nbsp;<a href=\"http:\/\/www.landesgymnasium.de\/\" target=\"_blank\" rel=\"noopener noreferrer\">Landesgymnasium f\u00fcr Musik Wernigerode<\/a>, wo er nur eine Woche brauchte, um es in den Auftrittschor zu schaffen, aber ein ganzes Jahr, um den randberliner Dialekt abzulegen. Hier neben der Schule Cellounterricht an der Musikschule sowie privater Unterricht in Chorleitung bei Helko Siede und in Orchesterdirigieren bei MD Christian Fitzner. Teilnahme an ersten Dirigentenkursen.<br \/>\nEin einziger Klavierwettbewerb (Jugend Musiziert 1999), bei dem die Nervosit\u00e4t vor der Abiturpr\u00fcfung abgebaut werden sollte, wurde mit einem Pr\u00e4dikat &#8222;Sehr gut&#8220; belohnt.<\/p>\n<p>Studium in Chor- und Orchesterdirigieren bei Howard Arman und Leopold Hager an der&nbsp;<a href=\"https:\/\/www.mdw.ac.at\/\" target=\"_blank\" rel=\"noopener noreferrer\">Musikhochschule Wien<\/a>, nach 3 Jahren Wechsel an die&nbsp;<a href=\"http:\/\/www.kug.ac.at\/\" target=\"_blank\" rel=\"noopener noreferrer\">Kunstuniversit\u00e4t Graz<\/a>&nbsp;zu Prof. Johannes Prinz (Chordirigieren), Prof. Martin Sieghart (Orchesterdirigieren) und Prof. Wolfgang Bozic (Korrepetition).<\/p>\n<p>W\u00e4hrend des Studiums Mitglied und hier und da Assistent in mehreren Ch\u00f6ren &#8211; weil einer einfach nicht genug ist. Dazu geh\u00f6ren: Wiener Singakademie, Wiener Kammerchor, World Youth Choir, Vocalforum Graz und viele andere.<\/p>\n<p>Leiter des chorus discantus, des ersten klassischen Damenkammerchores \u00d6sterreichs, der sich von &#8222;No gengan&#8217;s, wer w\u00fcl denn scho an Frauenchor hean?&#8220; zu einer CD-Produktion in Kooperation mit dem ORF entwickelt hat, nachdem er beim Chorwettbewerb Prag im November 2003 in allen Kategorien (bester Frauenchor, bester Kammerchor, bester Chor insgesamt, Dirigentenpreis) gesiegt hatte.<\/p>\n<p>Bachelor Chordirigieren mit Auszeichnung. Bachelor Orchesterdirigieren mit Auszeichnung. Leiter des Opernchores der Abteilung Gesang an der Kunstuniversit\u00e4t Graz; mit diesem Einstudierung mehrerer Opern von Mozart und Hans Werner Henze. Sonderpreis f\u00fcr ein besonderes Nachwuchstalent beim ersten internationalen Wettbewerb f\u00fcr Chordirigenten in Wien 2004. Zwei Diplome, Start ins Berufsleben.<\/p>\n<p>Musikgymnasium Demmin (Leitung des Jugend-, M\u00e4dchen- und Kinderchores, Gr\u00fcndung und Leitung des Schulorchesters, Lehrer f\u00fcr Klavier, Stimmbildung und Chordirigieren)<\/p>\n<p>Klavierlehrer und Korrepetitor an der Musikschule Malchin (2006 &#8211; 2008)<\/p>\n<p>Korrepetitor mit Dirigierverpflichtung beim Brandenburgischen Konzertorchester Eberswalde &nbsp;(2008)<\/p>\n<p>Repetitor im Stellwerk an der Komischen Oper Berlin (2009-2016)<\/p>\n<p>Klavier- und Musiktheorielehrer an der Musikschule MOL (2012 &#8211; 2016)<\/p>\n<p>Gr\u00fcndungsmitglied und Pianist des <a href=\"http:\/\/ensemble-lafolie.de\/\" target=\"_blank\" rel=\"noopener noreferrer\">Ensemble LaFolie Berlin<\/a> (2011 &#8211; 2017)<\/p>\n<p>Gr\u00fcnder und Leiter des Eberswalder Kammerchores <a href=\"http:\/\/cantus-vitalis.blogspot.de\/\" target=\"_blank\" rel=\"noopener noreferrer\">Cantus Vitalis<\/a> (2009 &#8211; 2017)<\/p>\n<p>Gr\u00fcnder und Leiter der Eberswalder Laiensymphoniker (2015 &#8211; 2017)<\/p>\n<p>Assistenz- und Aushilfsdirigent und Korrepetitor f\u00fcr die SingAkademie Niedersachsen (seit 2016)<\/p>\n<p>Leitung des \u00d6-Chor Hildesheim (2017-2022) sowie des Chores und Dozent f\u00fcr Ensembleleitung an der TU Braunschweig (seit 2017)<\/p>\n<p>Leiter des philharmonischen Chores sine nomine Braunschweig sowie Gr\u00fcnder und Leiter der Queermonics Braunschweig (beide seit 2022)<\/p>\n<p>Zu Johannes&#8216; besonderen F\u00e4higkeiten geh\u00f6rt es, Ten\u00f6re in vier verschiedenen Sprachen beleidigen zu k\u00f6nnen. Dar\u00fcberhinaus komponiert und arrangiert er gerne f\u00fcr Chor, Orchester, Kammermusikensembles und Anrufbeantworter. Seit er seinen eigenen Anrufbeantworter mit einem Lied versehen hat, rufen st\u00e4ndig Leute an, lachen und legen wieder auf.<\/p>\n","protected":false},"excerpt":{"rendered":"<p>Johannes H\u00f6ing: geboren 1980 in Eberswalde, beantwortete er schon im ersten Lebensjahr die Frage &#8222;Wie macht Beethoven?&#8220; mit &#8222;Da da da daaaaa&#8220;. Weder das st\u00e4ndige Mitgeschlepptwerden in die vom Vater so geliebten Orgelkonzerte noch das Singen endloser Wanderlieder beim Rauf- und Runterrennen th\u00fcringischer Berge im Kindesalter konnten ihm die Musik verg\u00e4llen. Ab der ersten Klasse &#8230; <span class=\"more\"><a class=\"more-link\" href=\"http:\/\/musiksalon.napfsauger.de\/wordpress\/wessen-musiksalon\/\">[Read more&#8230;]<\/a><\/span><\/p>\n","protected":false},"author":1,"featured_media":149,"parent":0,"menu_order":2,"comment_status":"closed","ping_status":"closed","template":"","meta":[],"_links":{"self":[{"href":"http:\/\/musiksalon.napfsauger.de\/wordpress\/wp-json\/wp\/v2\/pages\/27"}],"collection":[{"href":"http:\/\/musiksalon.napfsauger.de\/wordpress\/wp-json\/wp\/v2\/pages"}],"about":[{"href":"http:\/\/musiksalon.napfsauger.de\/wordpress\/wp-json\/wp\/v2\/types\/page"}],"author":[{"embeddable":true,"href":"http:\/\/musiksalon.napfsauger.de\/wordpress\/wp-json\/wp\/v2\/users\/1"}],"replies":[{"embeddable":true,"href":"http:\/\/musiksalon.napfsauger.de\/wordpress\/wp-json\/wp\/v2\/comments?post=27"}],"version-history":[{"count":16,"href":"http:\/\/musiksalon.napfsauger.de\/wordpress\/wp-json\/wp\/v2\/pages\/27\/revisions"}],"predecessor-version":[{"id":144,"href":"http:\/\/musiksalon.napfsauger.de\/wordpress\/wp-json\/wp\/v2\/pages\/27\/revisions\/144"}],"wp:featuredmedia":[{"embeddable":true,"href":"http:\/\/musiksalon.napfsauger.de\/wordpress\/wp-json\/wp\/v2\/media\/149"}],"wp:attachment":[{"href":"http:\/\/musiksalon.napfsauger.de\/wordpress\/wp-json\/wp\/v2\/media?parent=27"}],"curies":[{"name":"wp","href":"https:\/\/api.w.org\/{rel}","templated":true}]}}