{"id":47,"date":"2016-06-12T22:16:52","date_gmt":"2016-06-12T20:16:52","guid":{"rendered":"http:\/\/musiksalon.napfsauger.de\/wordpress\/?page_id=47"},"modified":"2023-08-06T17:57:47","modified_gmt":"2023-08-06T15:57:47","slug":"startseite","status":"publish","type":"page","link":"http:\/\/musiksalon.napfsauger.de\/wordpress\/","title":{"rendered":"Startseite"},"content":{"rendered":"<p>Willkommen!<\/p>\n<p>Hier finden Sie alle Informationen zum Dirigenten, Arrangeur und Pianisten Johannes H\u00f6ing.<\/p>\n<p>Haben Sie dirigentische Fragen, brauchen Sie eine Klavierbegleitung, m\u00f6chten Sie Ihren pers\u00f6nlichen Text vertont haben oder suchen Sie eine Assistenz f\u00fcr Ihr Orchester- oder Chorprobenwochenende, dann freue ich mich, von Ihnen zu h\u00f6ren.<\/p>\n","protected":false},"excerpt":{"rendered":"<p>Willkommen! Hier finden Sie alle Informationen zum Dirigenten, Arrangeur und Pianisten Johannes H\u00f6ing. Haben Sie dirigentische Fragen, brauchen Sie eine Klavierbegleitung, m\u00f6chten Sie Ihren pers\u00f6nlichen Text vertont haben oder suchen Sie eine Assistenz f\u00fcr Ihr Orchester- oder Chorprobenwochenende, dann freue ich mich, von Ihnen zu h\u00f6ren.<\/p>\n","protected":false},"author":1,"featured_media":23,"parent":0,"menu_order":1,"comment_status":"closed","ping_status":"closed","template":"","meta":[],"_links":{"self":[{"href":"http:\/\/musiksalon.napfsauger.de\/wordpress\/wp-json\/wp\/v2\/pages\/47"}],"collection":[{"href":"http:\/\/musiksalon.napfsauger.de\/wordpress\/wp-json\/wp\/v2\/pages"}],"about":[{"href":"http:\/\/musiksalon.napfsauger.de\/wordpress\/wp-json\/wp\/v2\/types\/page"}],"author":[{"embeddable":true,"href":"http:\/\/musiksalon.napfsauger.de\/wordpress\/wp-json\/wp\/v2\/users\/1"}],"replies":[{"embeddable":true,"href":"http:\/\/musiksalon.napfsauger.de\/wordpress\/wp-json\/wp\/v2\/comments?post=47"}],"version-history":[{"count":5,"href":"http:\/\/musiksalon.napfsauger.de\/wordpress\/wp-json\/wp\/v2\/pages\/47\/revisions"}],"predecessor-version":[{"id":148,"href":"http:\/\/musiksalon.napfsauger.de\/wordpress\/wp-json\/wp\/v2\/pages\/47\/revisions\/148"}],"wp:featuredmedia":[{"embeddable":true,"href":"http:\/\/musiksalon.napfsauger.de\/wordpress\/wp-json\/wp\/v2\/media\/23"}],"wp:attachment":[{"href":"http:\/\/musiksalon.napfsauger.de\/wordpress\/wp-json\/wp\/v2\/media?parent=47"}],"curies":[{"name":"wp","href":"https:\/\/api.w.org\/{rel}","templated":true}]}}