{"id":51,"date":"2016-06-12T22:20:42","date_gmt":"2016-06-12T20:20:42","guid":{"rendered":"http:\/\/musiksalon.napfsauger.de\/wordpress\/?page_id=51"},"modified":"2023-08-06T17:52:00","modified_gmt":"2023-08-06T15:52:00","slug":"blog-links","status":"publish","type":"page","link":"http:\/\/musiksalon.napfsauger.de\/wordpress\/blog-links\/","title":{"rendered":"Blog \/ Links"},"content":{"rendered":"<p>Ich schreibe ein privates Blog, und da es privat ist, ist es nicht an die Homepage gekoppelt. Nat\u00fcrlich geht es auch dort viel um Musik und nat\u00fcrlich darf man mitlesen und kommentieren: <a href=\"http:\/\/musiksalon.blogspot.de\">Musiksalon Blog<\/a><\/p>\n<p>Weitere Links, die ich gerne empfehlen m\u00f6chte, sind:<\/p>\n<p><a href=\"http:\/\/www.deutscher-chorverband.de\">Deutscher Chorverband<\/a><\/p>\n<p><a href=\"https:\/\/vdkc.de\/cms\/\" target=\"_blank\" rel=\"noopener\">Verband Deutscher Konzertch\u00f6re<\/a><\/p>\n<p><a href=\"https:\/\/chor.tu-braunschweig.de\/\" target=\"_blank\" rel=\"noopener\">Chor der TU Braunschweig<\/a><\/p>\n<p><a href=\"https:\/\/www.snc-bs.de\/\" target=\"_blank\" rel=\"noopener\">Sine Nomine, philharmonischer Chor Braunschweig<\/a><\/p>\n<p><a href=\"https:\/\/queermonics.de\/\" target=\"_blank\" rel=\"noopener\">Queermonics Braunschweig<\/a><\/p>\n<p><a href=\"http:\/\/cantus-vitalis.de\">Cantus Vitalis<\/a><\/p>\n<p><a href=\"http:\/\/nicolasbajorat.de\/San\/\">SingAkademie Niedersachsen<\/a><\/p>\n<p><a href=\"http:\/\/www.task-ev.de\/index.html\">Kammerchor TASK<\/a><\/p>\n\n\n<p><\/p>\n","protected":false},"excerpt":{"rendered":"<p>Ich schreibe ein privates Blog, und da es privat ist, ist es nicht an die Homepage gekoppelt. Nat\u00fcrlich geht es auch dort viel um Musik und nat\u00fcrlich darf man mitlesen und kommentieren: Musiksalon Blog Weitere Links, die ich gerne empfehlen m\u00f6chte, sind: Deutscher Chorverband Verband Deutscher Konzertch\u00f6re Chor der TU Braunschweig Sine Nomine, philharmonischer Chor &#8230; <span class=\"more\"><a class=\"more-link\" href=\"http:\/\/musiksalon.napfsauger.de\/wordpress\/blog-links\/\">[Read more&#8230;]<\/a><\/span><\/p>\n","protected":false},"author":1,"featured_media":0,"parent":0,"menu_order":10,"comment_status":"closed","ping_status":"closed","template":"","meta":[],"_links":{"self":[{"href":"http:\/\/musiksalon.napfsauger.de\/wordpress\/wp-json\/wp\/v2\/pages\/51"}],"collection":[{"href":"http:\/\/musiksalon.napfsauger.de\/wordpress\/wp-json\/wp\/v2\/pages"}],"about":[{"href":"http:\/\/musiksalon.napfsauger.de\/wordpress\/wp-json\/wp\/v2\/types\/page"}],"author":[{"embeddable":true,"href":"http:\/\/musiksalon.napfsauger.de\/wordpress\/wp-json\/wp\/v2\/users\/1"}],"replies":[{"embeddable":true,"href":"http:\/\/musiksalon.napfsauger.de\/wordpress\/wp-json\/wp\/v2\/comments?post=51"}],"version-history":[{"count":5,"href":"http:\/\/musiksalon.napfsauger.de\/wordpress\/wp-json\/wp\/v2\/pages\/51\/revisions"}],"predecessor-version":[{"id":142,"href":"http:\/\/musiksalon.napfsauger.de\/wordpress\/wp-json\/wp\/v2\/pages\/51\/revisions\/142"}],"wp:attachment":[{"href":"http:\/\/musiksalon.napfsauger.de\/wordpress\/wp-json\/wp\/v2\/media?parent=51"}],"curies":[{"name":"wp","href":"https:\/\/api.w.org\/{rel}","templated":true}]}}