{"id":82,"date":"2016-06-12T23:58:05","date_gmt":"2016-06-12T21:58:05","guid":{"rendered":"http:\/\/musiksalon.napfsauger.de\/wordpress\/?page_id=82"},"modified":"2023-08-06T18:21:20","modified_gmt":"2023-08-06T16:21:20","slug":"stimme","status":"publish","type":"page","link":"http:\/\/musiksalon.napfsauger.de\/wordpress\/stimme\/","title":{"rendered":"Stimme"},"content":{"rendered":"<p>Ich habe eher\u00a0gesungen als gesprochen. Ich hatte das unglaubliche Gl\u00fcck, in meinem ganzen Leben stets eine Gelegenheit zu haben, zu singen: von der sehr musikalischen Kindergartentante \u00fcber den Schul- und Musikschulkinderchor, eine Girl Group, den Rundfunk-Jugendchor Wernigerode, den Wiener Kammerchor, die Wiener Singakademie bis hin zum World Youth Choir.<\/p>\n<p>Ich sang, seit ich denken konnte, auch solo &#8211; Hochzeiten, Geburtstage, Familienkonzerte, Gottesdienste, Kindermusical, Begr\u00e4bnisse, Jam Sessions &#8211; und besonders gern in sehr kleinen Vokalensembles, in denen sich viele Solostimmen zu einem sinfonischen Klang verweben. Und nat\u00fcrlich, Herzenssache, meine eigenen Lieder.<\/p>\n<p>Seit meiner Transition und der damit verbundenen Stimmver\u00e4nderung pausiert dieser Teil meines beruflichen Lebens vor\u00fcbergehend, bis mein Kehlkopf und ich wieder wissen, wie wir miteinander umgehen m\u00fcssen.<\/p>\n<p><em>Luna llena menguante<\/em><\/p>\n<!--[if lt IE 9]><script>document.createElement('audio');<\/script><![endif]-->\n<audio class=\"wp-audio-shortcode\" id=\"audio-82-1\" preload=\"none\" style=\"width: 100%;\" controls=\"controls\"><source type=\"audio\/mpeg\" src=\"http:\/\/musiksalon.napfsauger.de\/wordpress\/wp-content\/uploads\/2016\/06\/02-01-Luna-llena-menguante.mp3?_=1\" \/><a href=\"http:\/\/musiksalon.napfsauger.de\/wordpress\/wp-content\/uploads\/2016\/06\/02-01-Luna-llena-menguante.mp3\">http:\/\/musiksalon.napfsauger.de\/wordpress\/wp-content\/uploads\/2016\/06\/02-01-Luna-llena-menguante.mp3<\/a><\/audio>\n<p>Eigene Titel:<\/p>\n<p><em>Thank God it&#8217;s over <\/em>(mit Ensemble LaFolie)<\/p>\n<audio class=\"wp-audio-shortcode\" id=\"audio-82-2\" preload=\"none\" style=\"width: 100%;\" controls=\"controls\"><source type=\"audio\/mpeg\" src=\"http:\/\/musiksalon.napfsauger.de\/wordpress\/wp-content\/uploads\/2016\/06\/Thank-God.mp3?_=2\" \/><a href=\"http:\/\/musiksalon.napfsauger.de\/wordpress\/wp-content\/uploads\/2016\/06\/Thank-God.mp3\">http:\/\/musiksalon.napfsauger.de\/wordpress\/wp-content\/uploads\/2016\/06\/Thank-God.mp3<\/a><\/audio>\n<p><em>Sunrise at the station<\/em> (mit Holger H\u00f6ing)<\/p>\n<audio class=\"wp-audio-shortcode\" id=\"audio-82-3\" preload=\"none\" style=\"width: 100%;\" controls=\"controls\"><source type=\"audio\/mpeg\" src=\"http:\/\/musiksalon.napfsauger.de\/wordpress\/wp-content\/uploads\/2016\/06\/Sunrise-at-the-Station.mp3?_=3\" \/><a href=\"http:\/\/musiksalon.napfsauger.de\/wordpress\/wp-content\/uploads\/2016\/06\/Sunrise-at-the-Station.mp3\">http:\/\/musiksalon.napfsauger.de\/wordpress\/wp-content\/uploads\/2016\/06\/Sunrise-at-the-Station.mp3<\/a><\/audio>\n<p><em>My love he smiles<\/em> (mit Ensemble LaFolie)<\/p>\n<div class=\"epyt-video-wrapper\"><div  id=\"_ytid_31746\"  width=\"700\" height=\"394\"  data-origwidth=\"700\" data-origheight=\"394\" data-facadesrc=\"https:\/\/www.youtube.com\/embed\/GDmjsEdzygo?enablejsapi=1&rel=0&modestbranding=0&autoplay=0&cc_load_policy=0&cc_lang_pref=&iv_load_policy=1&loop=0&fs=1&playsinline=0&autohide=2&theme=dark&color=red&controls=1&\" class=\"__youtube_prefs__ epyt-facade no-lazyload\" data-epautoplay=\"1\" ><img data-spai-excluded=\"true\" class=\"epyt-facade-poster skip-lazy\" loading=\"lazy\"  alt=\"YouTube player\"  src=\"https:\/\/i.ytimg.com\/vi\/GDmjsEdzygo\/maxresdefault.jpg\"  \/><button class=\"epyt-facade-play\" aria-label=\"Play\"><svg data-no-lazy=\"1\" height=\"100%\" version=\"1.1\" viewBox=\"0 0 68 48\" width=\"100%\"><path class=\"ytp-large-play-button-bg\" d=\"M66.52,7.74c-0.78-2.93-2.49-5.41-5.42-6.19C55.79,.13,34,0,34,0S12.21,.13,6.9,1.55 C3.97,2.33,2.27,4.81,1.48,7.74C0.06,13.05,0,24,0,24s0.06,10.95,1.48,16.26c0.78,2.93,2.49,5.41,5.42,6.19 C12.21,47.87,34,48,34,48s21.79-0.13,27.1-1.55c2.93-0.78,4.64-3.26,5.42-6.19C67.94,34.95,68,24,68,24S67.94,13.05,66.52,7.74z\" fill=\"#f00\"><\/path><path d=\"M 45,24 27,14 27,34\" fill=\"#fff\"><\/path><\/svg><\/button><\/div><\/div>\n","protected":false},"excerpt":{"rendered":"<p>Ich habe eher\u00a0gesungen als gesprochen. Ich hatte das unglaubliche Gl\u00fcck, in meinem ganzen Leben stets eine Gelegenheit zu haben, zu singen: von der sehr musikalischen Kindergartentante \u00fcber den Schul- und Musikschulkinderchor, eine Girl Group, den Rundfunk-Jugendchor Wernigerode, den Wiener Kammerchor, die Wiener Singakademie bis hin zum World Youth Choir. Ich sang, seit ich denken konnte, &#8230; <span class=\"more\"><a class=\"more-link\" href=\"http:\/\/musiksalon.napfsauger.de\/wordpress\/stimme\/\">[Read more&#8230;]<\/a><\/span><\/p>\n","protected":false},"author":1,"featured_media":0,"parent":0,"menu_order":6,"comment_status":"closed","ping_status":"closed","template":"","meta":[],"_links":{"self":[{"href":"http:\/\/musiksalon.napfsauger.de\/wordpress\/wp-json\/wp\/v2\/pages\/82"}],"collection":[{"href":"http:\/\/musiksalon.napfsauger.de\/wordpress\/wp-json\/wp\/v2\/pages"}],"about":[{"href":"http:\/\/musiksalon.napfsauger.de\/wordpress\/wp-json\/wp\/v2\/types\/page"}],"author":[{"embeddable":true,"href":"http:\/\/musiksalon.napfsauger.de\/wordpress\/wp-json\/wp\/v2\/users\/1"}],"replies":[{"embeddable":true,"href":"http:\/\/musiksalon.napfsauger.de\/wordpress\/wp-json\/wp\/v2\/comments?post=82"}],"version-history":[{"count":5,"href":"http:\/\/musiksalon.napfsauger.de\/wordpress\/wp-json\/wp\/v2\/pages\/82\/revisions"}],"predecessor-version":[{"id":152,"href":"http:\/\/musiksalon.napfsauger.de\/wordpress\/wp-json\/wp\/v2\/pages\/82\/revisions\/152"}],"wp:attachment":[{"href":"http:\/\/musiksalon.napfsauger.de\/wordpress\/wp-json\/wp\/v2\/media?parent=82"}],"curies":[{"name":"wp","href":"https:\/\/api.w.org\/{rel}","templated":true}]}}